{"id":299,"date":"2019-10-12T12:05:44","date_gmt":"2019-10-12T10:05:44","guid":{"rendered":"https:\/\/harkale.art\/?page_id=299"},"modified":"2020-10-20T21:01:00","modified_gmt":"2020-10-20T19:01:00","slug":"a-propos","status":"publish","type":"page","link":"https:\/\/harkale.art\/index.php\/a-propos\/","title":{"rendered":"\u00c0 propos"},"content":{"rendered":"\n<div class=\"wp-block-group alignwide\"><div class=\"wp-block-group__inner-container is-layout-flow wp-block-group-is-layout-flow\">\n<div class=\"wp-block-media-text alignwide is-vertically-aligned-center\" style=\"grid-template-columns:26% auto\"><figure class=\"wp-block-media-text__media\"><img loading=\"lazy\" decoding=\"async\" width=\"698\" height=\"1024\" data-attachment-id=\"731\" data-permalink=\"https:\/\/harkale.art\/dav-12\/\" data-orig-file=\"https:\/\/harkale.art\/wp-content\/uploads\/2020\/09\/photo-moi.jpg\" data-orig-size=\"1657,2431\" data-comments-opened=\"0\" data-image-meta=\"{&quot;aperture&quot;:&quot;2.2&quot;,&quot;credit&quot;:&quot;&quot;,&quot;camera&quot;:&quot;PRA-LX1&quot;,&quot;caption&quot;:&quot;dav&quot;,&quot;created_timestamp&quot;:&quot;1599768396&quot;,&quot;copyright&quot;:&quot;&quot;,&quot;focal_length&quot;:&quot;3.83&quot;,&quot;iso&quot;:&quot;400&quot;,&quot;shutter_speed&quot;:&quot;0.03&quot;,&quot;title&quot;:&quot;dav&quot;,&quot;orientation&quot;:&quot;1&quot;}\" data-image-title=\"I cast fireball!\" data-image-description=\"\" data-image-caption=\"&lt;p&gt;I cast fireball!&lt;\/p&gt;\n\" data-medium-file=\"https:\/\/harkale.art\/wp-content\/uploads\/2020\/09\/photo-moi-204x300.jpg\" data-large-file=\"https:\/\/harkale.art\/wp-content\/uploads\/2020\/09\/photo-moi-698x1024.jpg\" src=\"https:\/\/harkale.art\/wp-content\/uploads\/2020\/09\/photo-moi-698x1024.jpg\" alt=\"\" class=\"wp-image-731\" srcset=\"https:\/\/harkale.art\/wp-content\/uploads\/2020\/09\/photo-moi-698x1024.jpg 698w, https:\/\/harkale.art\/wp-content\/uploads\/2020\/09\/photo-moi-204x300.jpg 204w, https:\/\/harkale.art\/wp-content\/uploads\/2020\/09\/photo-moi-768x1127.jpg 768w, https:\/\/harkale.art\/wp-content\/uploads\/2020\/09\/photo-moi-1047x1536.jpg 1047w, https:\/\/harkale.art\/wp-content\/uploads\/2020\/09\/photo-moi-1396x2048.jpg 1396w, https:\/\/harkale.art\/wp-content\/uploads\/2020\/09\/photo-moi-800x1174.jpg 800w, https:\/\/harkale.art\/wp-content\/uploads\/2020\/09\/photo-moi-123x180.jpg 123w, https:\/\/harkale.art\/wp-content\/uploads\/2020\/09\/photo-moi.jpg 1657w\" sizes=\"(max-width: 698px) 100vw, 698px\" \/><\/figure><div class=\"wp-block-media-text__content\">\n<p>Bonjour ! Je suis une peintre et illustratrice fran\u00e7aise r\u00e9pondant au nom de Harkal\u00e9 Lina\u00ef lorsque j&#8217;ai de quoi dessiner entre les mains et \u00e0 celui de Marine Borocco le reste du temps. Mes illustrations sont souvent color\u00e9es et oniriques, inspir\u00e9es par la beaut\u00e9 de la nature (et par d&#8217;innombrables soir\u00e9es pass\u00e9es \u00e0 lire des \u0153uvres de litt\u00e9ratures de l&#8217;imaginaire).<\/p>\n\n\n\n<p>Par ces images, j&#8217;esp\u00e8re transmettre mon \u00e9merveillement devant la po\u00e9sie du monde qui nous entoure et inviter \u00e0 r\u00eaver d&#8217;autres mondes&#8230; qu&#8217;il s&#8217;agisse d&#8217;univers de fiction peupl\u00e9s de dryades et de monstres pas si monstrueux que \u00e7a, ou simplement d&#8217;un monde futur plus juste et plus beau.<\/p>\n\n\n\n<p class=\"has-small-font-size\">(Sur l&#8217;image ci-contre, vous pouvez m&#8217;observer occup\u00e9e \u00e0 lancer un sort de boule de feu. Je d\u00e9bute encore dans les arts magiques, mais d&#8217;ici quelques ann\u00e9es je devrais r\u00e9ussir \u00e0 transformer les crapauds en vin.)<\/p>\n<\/div><\/div>\n<\/div><\/div>\n\n\n\n<p>Je travaille comme illustratrice freelance, et je cr\u00e9e des couvertures de livres, illustrations de jeux, etc., mais je r\u00e9ponds \u00e9galement \u00e0 des commandes pour des particuliers.<\/p>\n\n\n\n<p>Si vous avez des questions, n&#8217;h\u00e9sitez pas \u00e0 m&#8217;envoyer un message \u00e0 <span id=\"eeb-328330-413558\"><\/span><script type=\"text\/javascript\">(function(){var ml=\"c2Eno4FmahC3lf0Ai%.erDkt-s\",mi=\"A;:8A1>9DC=A;EA1178@<G4A;?043G80GA5>98DF8<CB8DGA11A1>0<8IIA;EA1178@<H<@3FA11A;2043G80GA5>98DF8<CB8DGA;:A168A;2\",o=\"\";for(var j=0,l=mi.length;j<l;j++){o+=ml.charAt(mi.charCodeAt(j)-48);}document.getElementById(\"eeb-328330-413558\").innerHTML = decodeURIComponent(o);}());<\/script><noscript>*protected email*<\/noscript> ! <\/p>\n","protected":false},"excerpt":{"rendered":"<p>Bonjour ! Je suis une peintre et illustratrice fran\u00e7aise r\u00e9pondant au nom de Harkal\u00e9 Lina\u00ef lorsque j&#8217;ai de quoi dessiner entre les mains et \u00e0 celui de Marine Borocco le reste du temps. Mes illustrations sont souvent color\u00e9es et oniriques, inspir\u00e9es par la beaut\u00e9 de la nature (et par d&#8217;innombrables soir\u00e9es pass\u00e9es \u00e0 lire des&hellip;<\/p>\n","protected":false},"author":1,"featured_media":0,"parent":0,"menu_order":0,"comment_status":"closed","ping_status":"closed","template":"","meta":{"footnotes":""},"aioseo_notices":[],"jetpack_sharing_enabled":true,"_links":{"self":[{"href":"https:\/\/harkale.art\/index.php\/wp-json\/wp\/v2\/pages\/299"}],"collection":[{"href":"https:\/\/harkale.art\/index.php\/wp-json\/wp\/v2\/pages"}],"about":[{"href":"https:\/\/harkale.art\/index.php\/wp-json\/wp\/v2\/types\/page"}],"author":[{"embeddable":true,"href":"https:\/\/harkale.art\/index.php\/wp-json\/wp\/v2\/users\/1"}],"replies":[{"embeddable":true,"href":"https:\/\/harkale.art\/index.php\/wp-json\/wp\/v2\/comments?post=299"}],"version-history":[{"count":9,"href":"https:\/\/harkale.art\/index.php\/wp-json\/wp\/v2\/pages\/299\/revisions"}],"predecessor-version":[{"id":839,"href":"https:\/\/harkale.art\/index.php\/wp-json\/wp\/v2\/pages\/299\/revisions\/839"}],"wp:attachment":[{"href":"https:\/\/harkale.art\/index.php\/wp-json\/wp\/v2\/media?parent=299"}],"curies":[{"name":"wp","href":"https:\/\/api.w.org\/{rel}","templated":true}]}}