{"id":306,"date":"2019-10-14T15:03:25","date_gmt":"2019-10-14T13:03:25","guid":{"rendered":"https:\/\/harkale.art\/?page_id=306"},"modified":"2019-10-22T16:27:25","modified_gmt":"2019-10-22T14:27:25","slug":"contact-et-reseaux-sociaux","status":"publish","type":"page","link":"https:\/\/harkale.art\/index.php\/contact-et-reseaux-sociaux\/","title":{"rendered":"Contact et r\u00e9seaux sociaux"},"content":{"rendered":"\n<p>Pour toute question, vous pouvez me contacter en envoyant un mail \u00e0 <span id=\"eeb-328330-413558\"><\/span><script type=\"text\/javascript\">(function(){var ml=\"c2Eno4FmahC3lf0Ai%.erDkt-s\",mi=\"A;:8A1>9DC=A;EA1178@<G4A;?043G80GA5>98DF8<CB8DGA11A1>0<8IIA;EA1178@<H<@3FA11A;2043G80GA5>98DF8<CB8DGA;:A168A;2\",o=\"\";for(var j=0,l=mi.length;j<l;j++){o+=ml.charAt(mi.charCodeAt(j)-48);}document.getElementById(\"eeb-328330-413558\").innerHTML = decodeURIComponent(o);}());<\/script><noscript>*protected email*<\/noscript>.<\/p>\n\n\n\n<p>Je suis \u00e9galement pr\u00e9sente sur les sites et r\u00e9seaux sociaux suivants :<\/p>\n\n\n\n<p><a href=\"https:\/\/www.instagram.com\/harkalelinai\/\"><img loading=\"lazy\" decoding=\"async\" width=\"30\" height=\"30\" data-attachment-id=\"261\" data-permalink=\"https:\/\/harkale.art\/instagram_icon\/\" data-orig-file=\"https:\/\/harkale.art\/wp-content\/uploads\/2019\/10\/Instagram_icon.png\" data-orig-size=\"1023,1024\" data-comments-opened=\"0\" data-image-meta=\"{&quot;aperture&quot;:&quot;0&quot;,&quot;credit&quot;:&quot;&quot;,&quot;camera&quot;:&quot;&quot;,&quot;caption&quot;:&quot;&quot;,&quot;created_timestamp&quot;:&quot;0&quot;,&quot;copyright&quot;:&quot;&quot;,&quot;focal_length&quot;:&quot;0&quot;,&quot;iso&quot;:&quot;0&quot;,&quot;shutter_speed&quot;:&quot;0&quot;,&quot;title&quot;:&quot;&quot;,&quot;orientation&quot;:&quot;0&quot;}\" data-image-title=\"Instagram_icon\" data-image-description=\"\" data-image-caption=\"\" data-medium-file=\"https:\/\/harkale.art\/wp-content\/uploads\/2019\/10\/Instagram_icon-300x300.png\" data-large-file=\"https:\/\/harkale.art\/wp-content\/uploads\/2019\/10\/Instagram_icon-1023x1024.png\" class=\"wp-image-261\" style=\"width: 30px;\" src=\"https:\/\/harkale.art\/wp-content\/uploads\/2019\/10\/Instagram_icon.png\" alt=\"\" srcset=\"https:\/\/harkale.art\/wp-content\/uploads\/2019\/10\/Instagram_icon.png 1023w, https:\/\/harkale.art\/wp-content\/uploads\/2019\/10\/Instagram_icon-150x150.png 150w, https:\/\/harkale.art\/wp-content\/uploads\/2019\/10\/Instagram_icon-300x300.png 300w, https:\/\/harkale.art\/wp-content\/uploads\/2019\/10\/Instagram_icon-768x769.png 768w, https:\/\/harkale.art\/wp-content\/uploads\/2019\/10\/Instagram_icon-800x801.png 800w, https:\/\/harkale.art\/wp-content\/uploads\/2019\/10\/Instagram_icon-180x180.png 180w, https:\/\/harkale.art\/wp-content\/uploads\/2019\/10\/Instagram_icon-50x50.png 50w\" sizes=\"(max-width: 30px) 100vw, 30px\" \/>  Instagram<\/a><\/p>\n\n\n\n<p><a href=\"https:\/\/www.deviantart.com\/harkale-linai\"><img loading=\"lazy\" decoding=\"async\" width=\"30\" height=\"30\" data-attachment-id=\"259\" data-permalink=\"https:\/\/harkale.art\/deviantart_icon-icons-com_62754\/\" data-orig-file=\"https:\/\/harkale.art\/wp-content\/uploads\/2019\/10\/deviantart_icon-icons.com_62754.png\" data-orig-size=\"512,512\" data-comments-opened=\"0\" data-image-meta=\"{&quot;aperture&quot;:&quot;0&quot;,&quot;credit&quot;:&quot;&quot;,&quot;camera&quot;:&quot;&quot;,&quot;caption&quot;:&quot;&quot;,&quot;created_timestamp&quot;:&quot;0&quot;,&quot;copyright&quot;:&quot;&quot;,&quot;focal_length&quot;:&quot;0&quot;,&quot;iso&quot;:&quot;0&quot;,&quot;shutter_speed&quot;:&quot;0&quot;,&quot;title&quot;:&quot;&quot;,&quot;orientation&quot;:&quot;0&quot;}\" data-image-title=\"deviantart_icon-icons.com_62754\" data-image-description=\"\" data-image-caption=\"\" data-medium-file=\"https:\/\/harkale.art\/wp-content\/uploads\/2019\/10\/deviantart_icon-icons.com_62754-300x300.png\" data-large-file=\"https:\/\/harkale.art\/wp-content\/uploads\/2019\/10\/deviantart_icon-icons.com_62754.png\" class=\"wp-image-259\" style=\"width: 30px;\" src=\"https:\/\/harkale.art\/wp-content\/uploads\/2019\/10\/deviantart_icon-icons.com_62754.png\" alt=\"DeviantArt account\" srcset=\"https:\/\/harkale.art\/wp-content\/uploads\/2019\/10\/deviantart_icon-icons.com_62754.png 512w, https:\/\/harkale.art\/wp-content\/uploads\/2019\/10\/deviantart_icon-icons.com_62754-150x150.png 150w, https:\/\/harkale.art\/wp-content\/uploads\/2019\/10\/deviantart_icon-icons.com_62754-300x300.png 300w, https:\/\/harkale.art\/wp-content\/uploads\/2019\/10\/deviantart_icon-icons.com_62754-180x180.png 180w, https:\/\/harkale.art\/wp-content\/uploads\/2019\/10\/deviantart_icon-icons.com_62754-50x50.png 50w\" sizes=\"(max-width: 30px) 100vw, 30px\" \/> DeviantArt<\/a><\/p>\n\n\n\n<p><a href=\"https:\/\/www.artstation.com\/earlinwe\"><img loading=\"lazy\" decoding=\"async\" width=\"30\" height=\"30\" data-attachment-id=\"258\" data-permalink=\"https:\/\/harkale.art\/307-3071616_artstation-youtube-instagram-sign\/\" data-orig-file=\"https:\/\/harkale.art\/wp-content\/uploads\/2019\/10\/307-3071616_artstation-youtube-instagram-sign.png\" data-orig-size=\"474,474\" data-comments-opened=\"0\" data-image-meta=\"{&quot;aperture&quot;:&quot;0&quot;,&quot;credit&quot;:&quot;&quot;,&quot;camera&quot;:&quot;&quot;,&quot;caption&quot;:&quot;&quot;,&quot;created_timestamp&quot;:&quot;0&quot;,&quot;copyright&quot;:&quot;&quot;,&quot;focal_length&quot;:&quot;0&quot;,&quot;iso&quot;:&quot;0&quot;,&quot;shutter_speed&quot;:&quot;0&quot;,&quot;title&quot;:&quot;&quot;,&quot;orientation&quot;:&quot;0&quot;}\" data-image-title=\"307-3071616_artstation-youtube-instagram-sign\" data-image-description=\"\" data-image-caption=\"\" data-medium-file=\"https:\/\/harkale.art\/wp-content\/uploads\/2019\/10\/307-3071616_artstation-youtube-instagram-sign-300x300.png\" data-large-file=\"https:\/\/harkale.art\/wp-content\/uploads\/2019\/10\/307-3071616_artstation-youtube-instagram-sign.png\" class=\"wp-image-258\" style=\"width: 30px;\" src=\"https:\/\/harkale.art\/wp-content\/uploads\/2019\/10\/307-3071616_artstation-youtube-instagram-sign.png\" alt=\"ArtStation account\" srcset=\"https:\/\/harkale.art\/wp-content\/uploads\/2019\/10\/307-3071616_artstation-youtube-instagram-sign.png 474w, https:\/\/harkale.art\/wp-content\/uploads\/2019\/10\/307-3071616_artstation-youtube-instagram-sign-150x150.png 150w, https:\/\/harkale.art\/wp-content\/uploads\/2019\/10\/307-3071616_artstation-youtube-instagram-sign-300x300.png 300w, https:\/\/harkale.art\/wp-content\/uploads\/2019\/10\/307-3071616_artstation-youtube-instagram-sign-180x180.png 180w, https:\/\/harkale.art\/wp-content\/uploads\/2019\/10\/307-3071616_artstation-youtube-instagram-sign-50x50.png 50w\" sizes=\"(max-width: 30px) 100vw, 30px\" \/> ArtStation<\/a><\/p>\n\n\n\n<p><a href=\"http:\/\/harkale-linai.ultra-book.com\/accueil\"><img loading=\"lazy\" decoding=\"async\" width=\"30\" height=\"30\" data-attachment-id=\"260\" data-permalink=\"https:\/\/harkale.art\/fb_profile_pic\/\" data-orig-file=\"https:\/\/harkale.art\/wp-content\/uploads\/2019\/10\/fb_profile_pic.png\" data-orig-size=\"196,196\" data-comments-opened=\"0\" data-image-meta=\"{&quot;aperture&quot;:&quot;0&quot;,&quot;credit&quot;:&quot;&quot;,&quot;camera&quot;:&quot;&quot;,&quot;caption&quot;:&quot;&quot;,&quot;created_timestamp&quot;:&quot;0&quot;,&quot;copyright&quot;:&quot;&quot;,&quot;focal_length&quot;:&quot;0&quot;,&quot;iso&quot;:&quot;0&quot;,&quot;shutter_speed&quot;:&quot;0&quot;,&quot;title&quot;:&quot;&quot;,&quot;orientation&quot;:&quot;0&quot;}\" data-image-title=\"fb_profile_pic\" data-image-description=\"\" data-image-caption=\"\" data-medium-file=\"https:\/\/harkale.art\/wp-content\/uploads\/2019\/10\/fb_profile_pic.png\" data-large-file=\"https:\/\/harkale.art\/wp-content\/uploads\/2019\/10\/fb_profile_pic.png\" class=\"wp-image-260\" style=\"width: 30px;\" src=\"https:\/\/harkale.art\/wp-content\/uploads\/2019\/10\/fb_profile_pic.png\" alt=\"\" srcset=\"https:\/\/harkale.art\/wp-content\/uploads\/2019\/10\/fb_profile_pic.png 196w, https:\/\/harkale.art\/wp-content\/uploads\/2019\/10\/fb_profile_pic-150x150.png 150w, https:\/\/harkale.art\/wp-content\/uploads\/2019\/10\/fb_profile_pic-180x180.png 180w, https:\/\/harkale.art\/wp-content\/uploads\/2019\/10\/fb_profile_pic-50x50.png 50w\" sizes=\"(max-width: 30px) 100vw, 30px\" \/> Ultra-book<\/a><\/p>\n","protected":false},"excerpt":{"rendered":"<p>Pour toute question, vous pouvez me contacter en envoyant un mail \u00e0 *protected email*. Je suis \u00e9galement pr\u00e9sente sur les sites et r\u00e9seaux sociaux suivants : Instagram DeviantArt ArtStation Ultra-book<\/p>\n","protected":false},"author":1,"featured_media":0,"parent":0,"menu_order":0,"comment_status":"closed","ping_status":"closed","template":"","meta":{"footnotes":""},"aioseo_notices":[],"jetpack_sharing_enabled":true,"_links":{"self":[{"href":"https:\/\/harkale.art\/index.php\/wp-json\/wp\/v2\/pages\/306"}],"collection":[{"href":"https:\/\/harkale.art\/index.php\/wp-json\/wp\/v2\/pages"}],"about":[{"href":"https:\/\/harkale.art\/index.php\/wp-json\/wp\/v2\/types\/page"}],"author":[{"embeddable":true,"href":"https:\/\/harkale.art\/index.php\/wp-json\/wp\/v2\/users\/1"}],"replies":[{"embeddable":true,"href":"https:\/\/harkale.art\/index.php\/wp-json\/wp\/v2\/comments?post=306"}],"version-history":[{"count":7,"href":"https:\/\/harkale.art\/index.php\/wp-json\/wp\/v2\/pages\/306\/revisions"}],"predecessor-version":[{"id":448,"href":"https:\/\/harkale.art\/index.php\/wp-json\/wp\/v2\/pages\/306\/revisions\/448"}],"wp:attachment":[{"href":"https:\/\/harkale.art\/index.php\/wp-json\/wp\/v2\/media?parent=306"}],"curies":[{"name":"wp","href":"https:\/\/api.w.org\/{rel}","templated":true}]}}